{"id":243,"date":"2017-09-18T21:44:54","date_gmt":"2017-09-19T00:44:54","guid":{"rendered":"http:\/\/localhost\/projetos\/projetos_em_andamento\/wordpress\/?page_id=243"},"modified":"2017-09-30T17:20:41","modified_gmt":"2017-09-30T20:20:41","slug":"nossa-visao","status":"publish","type":"page","link":"https:\/\/raizesdavida.org.br\/home\/nossa-visao\/","title":{"rendered":"Nossa Vis\u00e3o"},"content":{"rendered":"<p><img src=\"https:\/\/scontent.ffor4-1.fna.fbcdn.net\/v\/t35.0-12\/s2048x2048\/22171702_1421739101255546_2028020289_o.jpg?oh=5d148db6c290b6216538bbb8579fa964&amp;oe=59D27934\" \/><\/p>\n<p style=\"text-align: justify;\">A <strong>Associa\u00e7\u00e3o Ra\u00edzes da Vida<\/strong> tem como <em>Vis\u00e3o<\/em> <em>maior\u00a0<\/em>ser refer\u00eancia na cidade de Fortaleza no atendimento \u00e0 idosos, oferecendo-lhes um envelhecimento mais ativo, buscando sempre promover o bem estar material, f\u00edsico, social e espiritual entre os mesmos. Sendo aquela Associa\u00e7\u00e3o acolhedora, com compromisso aos idosos, e que se importa com o pr\u00f3ximo buscando sempre desempenhar nossas fun\u00e7\u00f5es com muito carinho e amor.<\/p>\n<p>N\u00e3o somente refer\u00eancia por proporcionar uma sa\u00fade de qualidade aos idosos, mas ser refer\u00eancia como uma Associa\u00e7\u00e3o que realiza participa\u00e7\u00f5es em assuntos sociais e que de alguma forma, possa impactar na vida da sociedade e ser parte de uma transforma\u00e7\u00e3o de uma sociedade mais digna e promissora.<\/p>\n<p>&nbsp;<\/p>\n<hr \/>\n<div style=\"padding: 10px; text-align: right;\">\n<h4 style=\"line-height: 1; font-size: 12pt; font-family: Verdana;\"><i class=\"fa fa-user-circle\" style=\"color: black;\"><\/i> Associa\u00e7\u00e3o Ra\u00edzes da Vida<\/h4>\n<h4 style=\"line-height: 1; font-size: 12pt; font-family: Verdana;\"><i class=\"fa fa-calendar\" style=\"color: black;\"><\/i> 26\/09\/2017<\/h4>\n<h4 style=\"line-height: 1; font-size: 12pt; font-family: Verdana;\"><i class=\"fa fa-clock-o\" style=\"color: black;\"><\/i> 00h27min<\/h4>\n<\/div>\n","protected":false},"excerpt":{"rendered":"<p>A Associa\u00e7\u00e3o Ra\u00edzes da Vida tem como Vis\u00e3o maior\u00a0ser refer\u00eancia na cidade de Fortaleza no atendimento \u00e0 idosos, oferecendo-lhes um<\/p>\n","protected":false},"author":1,"featured_media":0,"parent":0,"menu_order":0,"comment_status":"closed","ping_status":"closed","template":"","meta":[],"yoast_head":"<!-- This site is optimized with the Yoast SEO plugin v19.6.1 - https:\/\/yoast.com\/wordpress\/plugins\/seo\/ -->\n<title>Nossa Vis\u00e3o - Associa\u00e7\u00e3o Ra\u00edzes da Vida<\/title>\n<meta name=\"robots\" content=\"index, follow, max-snippet:-1, max-image-preview:large, max-video-preview:-1\" \/>\n<link rel=\"canonical\" href=\"https:\/\/raizesdavida.org.br\/home\/nossa-visao\/\" \/>\n<meta property=\"og:locale\" content=\"pt_BR\" \/>\n<meta property=\"og:type\" content=\"article\" \/>\n<meta property=\"og:title\" content=\"Nossa Vis\u00e3o - Associa\u00e7\u00e3o Ra\u00edzes da Vida\" \/>\n<meta property=\"og:description\" content=\"A Associa\u00e7\u00e3o Ra\u00edzes da Vida tem como Vis\u00e3o maior\u00a0ser refer\u00eancia na cidade de Fortaleza no atendimento \u00e0 idosos, oferecendo-lhes um\" \/>\n<meta property=\"og:url\" content=\"https:\/\/raizesdavida.org.br\/home\/nossa-visao\/\" \/>\n<meta property=\"og:site_name\" content=\"Associa\u00e7\u00e3o Ra\u00edzes da Vida\" \/>\n<meta property=\"article:modified_time\" content=\"2017-09-30T20:20:41+00:00\" \/>\n<meta property=\"og:image\" content=\"https:\/\/scontent.ffor4-1.fna.fbcdn.net\/v\/t35.0-12\/s2048x2048\/22171702_1421739101255546_2028020289_o.jpg?oh=5d148db6c290b6216538bbb8579fa964&amp;oe=59D27934\" \/>\n<meta name=\"twitter:card\" content=\"summary_large_image\" \/>\n<meta name=\"twitter:label1\" content=\"Est. tempo de leitura\" \/>\n\t<meta name=\"twitter:data1\" content=\"1 minuto\" \/>\n<script type=\"application\/ld+json\" class=\"yoast-schema-graph\">{\"@context\":\"https:\/\/schema.org\",\"@graph\":[{\"@type\":\"WebPage\",\"@id\":\"https:\/\/raizesdavida.org.br\/home\/nossa-visao\/\",\"url\":\"https:\/\/raizesdavida.org.br\/home\/nossa-visao\/\",\"name\":\"Nossa Vis\u00e3o - Associa\u00e7\u00e3o Ra\u00edzes da Vida\",\"isPartOf\":{\"@id\":\"https:\/\/raizesdavida.org.br\/home\/#website\"},\"datePublished\":\"2017-09-19T00:44:54+00:00\",\"dateModified\":\"2017-09-30T20:20:41+00:00\",\"breadcrumb\":{\"@id\":\"https:\/\/raizesdavida.org.br\/home\/nossa-visao\/#breadcrumb\"},\"inLanguage\":\"pt-BR\",\"potentialAction\":[{\"@type\":\"ReadAction\",\"target\":[\"https:\/\/raizesdavida.org.br\/home\/nossa-visao\/\"]}]},{\"@type\":\"BreadcrumbList\",\"@id\":\"https:\/\/raizesdavida.org.br\/home\/nossa-visao\/#breadcrumb\",\"itemListElement\":[{\"@type\":\"ListItem\",\"position\":1,\"name\":\"In\u00edcio\",\"item\":\"https:\/\/raizesdavida.org.br\/home\/\"},{\"@type\":\"ListItem\",\"position\":2,\"name\":\"Nossa Vis\u00e3o\"}]},{\"@type\":\"WebSite\",\"@id\":\"https:\/\/raizesdavida.org.br\/home\/#website\",\"url\":\"https:\/\/raizesdavida.org.br\/home\/\",\"name\":\"Associa\u00e7\u00e3o Ra\u00edzes da Vida\",\"description\":\"Longevidade Saud\u00e1vel\",\"publisher\":{\"@id\":\"https:\/\/raizesdavida.org.br\/home\/#organization\"},\"potentialAction\":[{\"@type\":\"SearchAction\",\"target\":{\"@type\":\"EntryPoint\",\"urlTemplate\":\"https:\/\/raizesdavida.org.br\/home\/?s={search_term_string}\"},\"query-input\":\"required name=search_term_string\"}],\"inLanguage\":\"pt-BR\"},{\"@type\":\"Organization\",\"@id\":\"https:\/\/raizesdavida.org.br\/home\/#organization\",\"name\":\"Associa\u00e7\u00e3o Ra\u00edzes da Vida\",\"url\":\"https:\/\/raizesdavida.org.br\/home\/\",\"sameAs\":[],\"logo\":{\"@type\":\"ImageObject\",\"inLanguage\":\"pt-BR\",\"@id\":\"https:\/\/raizesdavida.org.br\/home\/#\/schema\/logo\/image\/\",\"url\":\"https:\/\/raizesdavida.org.br\/home\/wp-content\/uploads\/2022\/09\/LOGOOF200.jpg\",\"contentUrl\":\"https:\/\/raizesdavida.org.br\/home\/wp-content\/uploads\/2022\/09\/LOGOOF200.jpg\",\"width\":200,\"height\":200,\"caption\":\"Associa\u00e7\u00e3o Ra\u00edzes da Vida\"},\"image\":{\"@id\":\"https:\/\/raizesdavida.org.br\/home\/#\/schema\/logo\/image\/\"}}]}<\/script>\n<!-- \/ Yoast SEO plugin. -->","yoast_head_json":{"title":"Nossa Vis\u00e3o - Associa\u00e7\u00e3o Ra\u00edzes da Vida","robots":{"index":"index","follow":"follow","max-snippet":"max-snippet:-1","max-image-preview":"max-image-preview:large","max-video-preview":"max-video-preview:-1"},"canonical":"https:\/\/raizesdavida.org.br\/home\/nossa-visao\/","og_locale":"pt_BR","og_type":"article","og_title":"Nossa Vis\u00e3o - Associa\u00e7\u00e3o Ra\u00edzes da Vida","og_description":"A Associa\u00e7\u00e3o Ra\u00edzes da Vida tem como Vis\u00e3o maior\u00a0ser refer\u00eancia na cidade de Fortaleza no atendimento \u00e0 idosos, oferecendo-lhes um","og_url":"https:\/\/raizesdavida.org.br\/home\/nossa-visao\/","og_site_name":"Associa\u00e7\u00e3o Ra\u00edzes da Vida","article_modified_time":"2017-09-30T20:20:41+00:00","og_image":[{"url":"https:\/\/scontent.ffor4-1.fna.fbcdn.net\/v\/t35.0-12\/s2048x2048\/22171702_1421739101255546_2028020289_o.jpg?oh=5d148db6c290b6216538bbb8579fa964&amp;oe=59D27934"}],"twitter_card":"summary_large_image","twitter_misc":{"Est. tempo de leitura":"1 minuto"},"schema":{"@context":"https:\/\/schema.org","@graph":[{"@type":"WebPage","@id":"https:\/\/raizesdavida.org.br\/home\/nossa-visao\/","url":"https:\/\/raizesdavida.org.br\/home\/nossa-visao\/","name":"Nossa Vis\u00e3o - Associa\u00e7\u00e3o Ra\u00edzes da Vida","isPartOf":{"@id":"https:\/\/raizesdavida.org.br\/home\/#website"},"datePublished":"2017-09-19T00:44:54+00:00","dateModified":"2017-09-30T20:20:41+00:00","breadcrumb":{"@id":"https:\/\/raizesdavida.org.br\/home\/nossa-visao\/#breadcrumb"},"inLanguage":"pt-BR","potentialAction":[{"@type":"ReadAction","target":["https:\/\/raizesdavida.org.br\/home\/nossa-visao\/"]}]},{"@type":"BreadcrumbList","@id":"https:\/\/raizesdavida.org.br\/home\/nossa-visao\/#breadcrumb","itemListElement":[{"@type":"ListItem","position":1,"name":"In\u00edcio","item":"https:\/\/raizesdavida.org.br\/home\/"},{"@type":"ListItem","position":2,"name":"Nossa Vis\u00e3o"}]},{"@type":"WebSite","@id":"https:\/\/raizesdavida.org.br\/home\/#website","url":"https:\/\/raizesdavida.org.br\/home\/","name":"Associa\u00e7\u00e3o Ra\u00edzes da Vida","description":"Longevidade Saud\u00e1vel","publisher":{"@id":"https:\/\/raizesdavida.org.br\/home\/#organization"},"potentialAction":[{"@type":"SearchAction","target":{"@type":"EntryPoint","urlTemplate":"https:\/\/raizesdavida.org.br\/home\/?s={search_term_string}"},"query-input":"required name=search_term_string"}],"inLanguage":"pt-BR"},{"@type":"Organization","@id":"https:\/\/raizesdavida.org.br\/home\/#organization","name":"Associa\u00e7\u00e3o Ra\u00edzes da Vida","url":"https:\/\/raizesdavida.org.br\/home\/","sameAs":[],"logo":{"@type":"ImageObject","inLanguage":"pt-BR","@id":"https:\/\/raizesdavida.org.br\/home\/#\/schema\/logo\/image\/","url":"https:\/\/raizesdavida.org.br\/home\/wp-content\/uploads\/2022\/09\/LOGOOF200.jpg","contentUrl":"https:\/\/raizesdavida.org.br\/home\/wp-content\/uploads\/2022\/09\/LOGOOF200.jpg","width":200,"height":200,"caption":"Associa\u00e7\u00e3o Ra\u00edzes da Vida"},"image":{"@id":"https:\/\/raizesdavida.org.br\/home\/#\/schema\/logo\/image\/"}}]}},"_links":{"self":[{"href":"https:\/\/raizesdavida.org.br\/home\/wp-json\/wp\/v2\/pages\/243"}],"collection":[{"href":"https:\/\/raizesdavida.org.br\/home\/wp-json\/wp\/v2\/pages"}],"about":[{"href":"https:\/\/raizesdavida.org.br\/home\/wp-json\/wp\/v2\/types\/page"}],"author":[{"embeddable":true,"href":"https:\/\/raizesdavida.org.br\/home\/wp-json\/wp\/v2\/users\/1"}],"replies":[{"embeddable":true,"href":"https:\/\/raizesdavida.org.br\/home\/wp-json\/wp\/v2\/comments?post=243"}],"version-history":[{"count":18,"href":"https:\/\/raizesdavida.org.br\/home\/wp-json\/wp\/v2\/pages\/243\/revisions"}],"predecessor-version":[{"id":667,"href":"https:\/\/raizesdavida.org.br\/home\/wp-json\/wp\/v2\/pages\/243\/revisions\/667"}],"wp:attachment":[{"href":"https:\/\/raizesdavida.org.br\/home\/wp-json\/wp\/v2\/media?parent=243"}],"curies":[{"name":"wp","href":"https:\/\/api.w.org\/{rel}","templated":true}]}}