{"id":2441,"date":"2020-08-08T11:18:50","date_gmt":"2020-08-08T14:18:50","guid":{"rendered":"http:\/\/raizesdavida.org.br\/?page_id=2441"},"modified":"2020-08-08T18:15:49","modified_gmt":"2020-08-08T21:15:49","slug":"doacoes-online","status":"publish","type":"page","link":"https:\/\/raizesdavida.org.br\/home\/doacoes-online\/","title":{"rendered":"Doa\u00e7\u00f5es Online"},"content":{"rendered":"\n<h2><strong>VOC\u00ca TEM O PODER DA MUDAN\u00c7A!<\/strong><\/h2>\n\n\n\n<p>A<strong> Associa\u00e7\u00e3o Ra\u00edzes da Vida<\/strong>&nbsp;\u00e9 composta por profissionais que s\u00e3o apaixonados pelo envelhecimento e dedicados em construir, junto aos idosos, um envelhecimento saud\u00e1vel e feliz.<\/p>\n\n\n\n<p>Nossa Equipe tem por&nbsp;<strong>objetivo maior<\/strong>&nbsp;transformar a vida de cada um dos nossos Idosos, onde os mesmos possam ser protagonistas do envelhecimento bem sucedido.<\/p>\n\n\n\n<p>A <strong>ARV <\/strong>como popularmente \u00e9 conhecida, proporciona v\u00e1rias <strong>Atividades <\/strong>para a <strong>Terceira Idade<\/strong>, sendo estas: <strong>Hidrogin\u00e1stica<\/strong>, <strong>Muscula\u00e7\u00e3o<\/strong>, <strong>Dan\u00e7a S\u00eanior <\/strong>e <strong>Gin\u00e1stica<\/strong>.<\/p>\n\n\n\n<h2 class=\"has-text-align-center\"><span class=\"has-inline-color has-vivid-purple-color\"><strong>OP\u00c7\u00d5ES DE PAGAMENTO<\/strong><\/span><\/h2>\n\n\n\n<div class=\"wp-container-1 wp-block-group\"><div class=\"wp-block-group__inner-container\">\n<h5>Doa\u00e7\u00e3o via PagSeguro<\/h5>\n<form action=\"https:\/\/pagseguro.uol.com.br\/checkout\/v2\/donation.html\" method=\"post\">\n<!-- N\u00c3O EDITE OS COMANDOS DAS LINHAS ABAIXO -->\n<input type=\"hidden\" name=\"currency\" value=\"BRL\">\n<input type=\"hidden\" name=\"receiverEmail\" value=\"contatos@raizesdavida.org.br\">\n<input type=\"hidden\" name=\"iot\" value=\"button\">\n<input type=\"image\" src=\"https:\/\/stc.pagseguro.uol.com.br\/public\/img\/botoes\/doacoes\/205x30-doar.gif\" name=\"submit\" alt=\"Pague com PagSeguro - \u00e9 r\u00e1pido, gr\u00e1tis e seguro!\">\n<\/form>\n<br>\n<h5>Doa\u00e7\u00e3o via Moip (Wirecard)<\/h5>\n<form method='post' action='https:\/\/www.moip.com.br\/Process.do'>\n<input type='hidden' name='method' value='donation'\/>\n<input type='hidden' name='encrypted' value='mZQka3CRWJfIve2mzUpoDw=='\/>\n<input type='hidden' name='type' value='2'\/>\n<input type='image' name='submit' src='https:\/\/static.wirecard.com.br\/imgs\/buttons\/bt_doar_c03_e04.png' alt='Doa&amp;amp;amp;amp;amp;amp;amp;amp;amp;amp;c' border='0' \/>\n<\/form>\n<p>Doe qualquer valor<\/p>\n<\/div><\/div>\n","protected":false},"excerpt":{"rendered":"<p>VOC\u00ca TEM O PODER DA MUDAN\u00c7A! A Associa\u00e7\u00e3o Ra\u00edzes da Vida&nbsp;\u00e9 composta por profissionais que s\u00e3o apaixonados pelo envelhecimento e<\/p>\n","protected":false},"author":1,"featured_media":0,"parent":0,"menu_order":0,"comment_status":"closed","ping_status":"closed","template":"","meta":[],"yoast_head":"<!-- This site is optimized with the Yoast SEO plugin v19.6.1 - https:\/\/yoast.com\/wordpress\/plugins\/seo\/ -->\n<title>Doa\u00e7\u00f5es Online - Associa\u00e7\u00e3o Ra\u00edzes da Vida<\/title>\n<meta name=\"robots\" content=\"index, follow, max-snippet:-1, max-image-preview:large, max-video-preview:-1\" \/>\n<link rel=\"canonical\" href=\"https:\/\/raizesdavida.org.br\/home\/doacoes-online\/\" \/>\n<meta property=\"og:locale\" content=\"pt_BR\" \/>\n<meta property=\"og:type\" content=\"article\" \/>\n<meta property=\"og:title\" content=\"Doa\u00e7\u00f5es Online - Associa\u00e7\u00e3o Ra\u00edzes da Vida\" \/>\n<meta property=\"og:description\" content=\"VOC\u00ca TEM O PODER DA MUDAN\u00c7A! A Associa\u00e7\u00e3o Ra\u00edzes da Vida&nbsp;\u00e9 composta por profissionais que s\u00e3o apaixonados pelo envelhecimento e\" \/>\n<meta property=\"og:url\" content=\"https:\/\/raizesdavida.org.br\/home\/doacoes-online\/\" \/>\n<meta property=\"og:site_name\" content=\"Associa\u00e7\u00e3o Ra\u00edzes da Vida\" \/>\n<meta property=\"article:modified_time\" content=\"2020-08-08T21:15:49+00:00\" \/>\n<meta name=\"twitter:card\" content=\"summary_large_image\" \/>\n<meta name=\"twitter:label1\" content=\"Est. tempo de leitura\" \/>\n\t<meta name=\"twitter:data1\" content=\"1 minuto\" \/>\n<script type=\"application\/ld+json\" class=\"yoast-schema-graph\">{\"@context\":\"https:\/\/schema.org\",\"@graph\":[{\"@type\":\"WebPage\",\"@id\":\"https:\/\/raizesdavida.org.br\/home\/doacoes-online\/\",\"url\":\"https:\/\/raizesdavida.org.br\/home\/doacoes-online\/\",\"name\":\"Doa\u00e7\u00f5es Online - Associa\u00e7\u00e3o Ra\u00edzes da Vida\",\"isPartOf\":{\"@id\":\"https:\/\/raizesdavida.org.br\/home\/#website\"},\"datePublished\":\"2020-08-08T14:18:50+00:00\",\"dateModified\":\"2020-08-08T21:15:49+00:00\",\"breadcrumb\":{\"@id\":\"https:\/\/raizesdavida.org.br\/home\/doacoes-online\/#breadcrumb\"},\"inLanguage\":\"pt-BR\",\"potentialAction\":[{\"@type\":\"ReadAction\",\"target\":[\"https:\/\/raizesdavida.org.br\/home\/doacoes-online\/\"]}]},{\"@type\":\"BreadcrumbList\",\"@id\":\"https:\/\/raizesdavida.org.br\/home\/doacoes-online\/#breadcrumb\",\"itemListElement\":[{\"@type\":\"ListItem\",\"position\":1,\"name\":\"In\u00edcio\",\"item\":\"https:\/\/raizesdavida.org.br\/home\/\"},{\"@type\":\"ListItem\",\"position\":2,\"name\":\"Doa\u00e7\u00f5es Online\"}]},{\"@type\":\"WebSite\",\"@id\":\"https:\/\/raizesdavida.org.br\/home\/#website\",\"url\":\"https:\/\/raizesdavida.org.br\/home\/\",\"name\":\"Associa\u00e7\u00e3o Ra\u00edzes da Vida\",\"description\":\"Longevidade Saud\u00e1vel\",\"publisher\":{\"@id\":\"https:\/\/raizesdavida.org.br\/home\/#organization\"},\"potentialAction\":[{\"@type\":\"SearchAction\",\"target\":{\"@type\":\"EntryPoint\",\"urlTemplate\":\"https:\/\/raizesdavida.org.br\/home\/?s={search_term_string}\"},\"query-input\":\"required name=search_term_string\"}],\"inLanguage\":\"pt-BR\"},{\"@type\":\"Organization\",\"@id\":\"https:\/\/raizesdavida.org.br\/home\/#organization\",\"name\":\"Associa\u00e7\u00e3o Ra\u00edzes da Vida\",\"url\":\"https:\/\/raizesdavida.org.br\/home\/\",\"sameAs\":[],\"logo\":{\"@type\":\"ImageObject\",\"inLanguage\":\"pt-BR\",\"@id\":\"https:\/\/raizesdavida.org.br\/home\/#\/schema\/logo\/image\/\",\"url\":\"https:\/\/raizesdavida.org.br\/home\/wp-content\/uploads\/2022\/09\/LOGOOF200.jpg\",\"contentUrl\":\"https:\/\/raizesdavida.org.br\/home\/wp-content\/uploads\/2022\/09\/LOGOOF200.jpg\",\"width\":200,\"height\":200,\"caption\":\"Associa\u00e7\u00e3o Ra\u00edzes da Vida\"},\"image\":{\"@id\":\"https:\/\/raizesdavida.org.br\/home\/#\/schema\/logo\/image\/\"}}]}<\/script>\n<!-- \/ Yoast SEO plugin. -->","yoast_head_json":{"title":"Doa\u00e7\u00f5es Online - Associa\u00e7\u00e3o Ra\u00edzes da Vida","robots":{"index":"index","follow":"follow","max-snippet":"max-snippet:-1","max-image-preview":"max-image-preview:large","max-video-preview":"max-video-preview:-1"},"canonical":"https:\/\/raizesdavida.org.br\/home\/doacoes-online\/","og_locale":"pt_BR","og_type":"article","og_title":"Doa\u00e7\u00f5es Online - Associa\u00e7\u00e3o Ra\u00edzes da Vida","og_description":"VOC\u00ca TEM O PODER DA MUDAN\u00c7A! A Associa\u00e7\u00e3o Ra\u00edzes da Vida&nbsp;\u00e9 composta por profissionais que s\u00e3o apaixonados pelo envelhecimento e","og_url":"https:\/\/raizesdavida.org.br\/home\/doacoes-online\/","og_site_name":"Associa\u00e7\u00e3o Ra\u00edzes da Vida","article_modified_time":"2020-08-08T21:15:49+00:00","twitter_card":"summary_large_image","twitter_misc":{"Est. tempo de leitura":"1 minuto"},"schema":{"@context":"https:\/\/schema.org","@graph":[{"@type":"WebPage","@id":"https:\/\/raizesdavida.org.br\/home\/doacoes-online\/","url":"https:\/\/raizesdavida.org.br\/home\/doacoes-online\/","name":"Doa\u00e7\u00f5es Online - Associa\u00e7\u00e3o Ra\u00edzes da Vida","isPartOf":{"@id":"https:\/\/raizesdavida.org.br\/home\/#website"},"datePublished":"2020-08-08T14:18:50+00:00","dateModified":"2020-08-08T21:15:49+00:00","breadcrumb":{"@id":"https:\/\/raizesdavida.org.br\/home\/doacoes-online\/#breadcrumb"},"inLanguage":"pt-BR","potentialAction":[{"@type":"ReadAction","target":["https:\/\/raizesdavida.org.br\/home\/doacoes-online\/"]}]},{"@type":"BreadcrumbList","@id":"https:\/\/raizesdavida.org.br\/home\/doacoes-online\/#breadcrumb","itemListElement":[{"@type":"ListItem","position":1,"name":"In\u00edcio","item":"https:\/\/raizesdavida.org.br\/home\/"},{"@type":"ListItem","position":2,"name":"Doa\u00e7\u00f5es Online"}]},{"@type":"WebSite","@id":"https:\/\/raizesdavida.org.br\/home\/#website","url":"https:\/\/raizesdavida.org.br\/home\/","name":"Associa\u00e7\u00e3o Ra\u00edzes da Vida","description":"Longevidade Saud\u00e1vel","publisher":{"@id":"https:\/\/raizesdavida.org.br\/home\/#organization"},"potentialAction":[{"@type":"SearchAction","target":{"@type":"EntryPoint","urlTemplate":"https:\/\/raizesdavida.org.br\/home\/?s={search_term_string}"},"query-input":"required name=search_term_string"}],"inLanguage":"pt-BR"},{"@type":"Organization","@id":"https:\/\/raizesdavida.org.br\/home\/#organization","name":"Associa\u00e7\u00e3o Ra\u00edzes da Vida","url":"https:\/\/raizesdavida.org.br\/home\/","sameAs":[],"logo":{"@type":"ImageObject","inLanguage":"pt-BR","@id":"https:\/\/raizesdavida.org.br\/home\/#\/schema\/logo\/image\/","url":"https:\/\/raizesdavida.org.br\/home\/wp-content\/uploads\/2022\/09\/LOGOOF200.jpg","contentUrl":"https:\/\/raizesdavida.org.br\/home\/wp-content\/uploads\/2022\/09\/LOGOOF200.jpg","width":200,"height":200,"caption":"Associa\u00e7\u00e3o Ra\u00edzes da Vida"},"image":{"@id":"https:\/\/raizesdavida.org.br\/home\/#\/schema\/logo\/image\/"}}]}},"_links":{"self":[{"href":"https:\/\/raizesdavida.org.br\/home\/wp-json\/wp\/v2\/pages\/2441"}],"collection":[{"href":"https:\/\/raizesdavida.org.br\/home\/wp-json\/wp\/v2\/pages"}],"about":[{"href":"https:\/\/raizesdavida.org.br\/home\/wp-json\/wp\/v2\/types\/page"}],"author":[{"embeddable":true,"href":"https:\/\/raizesdavida.org.br\/home\/wp-json\/wp\/v2\/users\/1"}],"replies":[{"embeddable":true,"href":"https:\/\/raizesdavida.org.br\/home\/wp-json\/wp\/v2\/comments?post=2441"}],"version-history":[{"count":15,"href":"https:\/\/raizesdavida.org.br\/home\/wp-json\/wp\/v2\/pages\/2441\/revisions"}],"predecessor-version":[{"id":2470,"href":"https:\/\/raizesdavida.org.br\/home\/wp-json\/wp\/v2\/pages\/2441\/revisions\/2470"}],"wp:attachment":[{"href":"https:\/\/raizesdavida.org.br\/home\/wp-json\/wp\/v2\/media?parent=2441"}],"curies":[{"name":"wp","href":"https:\/\/api.w.org\/{rel}","templated":true}]}}