{"id":249,"date":"2017-09-18T21:45:29","date_gmt":"2017-09-19T00:45:29","guid":{"rendered":"http:\/\/localhost\/projetos\/projetos_em_andamento\/wordpress\/?page_id=249"},"modified":"2017-10-01T01:02:16","modified_gmt":"2017-10-01T04:02:16","slug":"nossas-instalacoes","status":"publish","type":"page","link":"https:\/\/raizesdavida.org.br\/home\/nossas-instalacoes\/","title":{"rendered":"Nossas Instala\u00e7\u00f5es"},"content":{"rendered":"<p><img src=\"https:\/\/scontent.ffor4-1.fna.fbcdn.net\/v\/t35.0-12\/s2048x2048\/22140625_1421739104588879_26075172_o.jpg?oh=0abba514161810525466fbd49e277ac8&amp;oe=59D18F2F\" \/><\/p>\n<p>Atualmente, a <strong>Associa\u00e7\u00e3o Ra\u00edzes da Vida<\/strong> possui alguns espa\u00e7os na qual reservamos para realizarmos Atividades com nossos idosos. S\u00e3o eles: <em>Academia<\/em>, <em>Sala para Dan\u00e7a S\u00eanior<\/em> e entre outras Atividades. Acompanhe abaixo nossa <em>Galeria de Fotos<\/em> de nosso espa\u00e7o.<\/p>\n<p>&nbsp;<\/p>\n<style id=\"bwg-style-0\">    #bwg_container1_0 #bwg_container2_0 .bwg-container-0.bwg-standard-thumbnails {      width: 904px;              justify-content: center;        margin:0 auto !important;              background-color: rgba(255, 255, 255, 0.00);            padding-left: 4px;      padding-top: 4px;      max-width: 100%;            }        #bwg_container1_0 #bwg_container2_0 .bwg-container-0.bwg-standard-thumbnails .bwg-item {    justify-content: flex-start;      max-width: 180px;          }    #bwg_container1_0 #bwg_container2_0 .bwg-container-0.bwg-standard-thumbnails .bwg-item a {       margin-right: 4px;       margin-bottom: 4px;    }    #bwg_container1_0 #bwg_container2_0 .bwg-container-0.bwg-standard-thumbnails .bwg-item0 {      padding: 0px;            background-color:rgba(255,255,255, 0.30);      border: 0px none #CCCCCC;      opacity: 1.00;      border-radius: 0;      box-shadow: 0px 0px 0px #888888;    }    #bwg_container1_0 #bwg_container2_0 .bwg-container-0.bwg-standard-thumbnails .bwg-item1 img {      max-height: none;      max-width: none;      padding: 0 !important;    }        @media only screen and (min-width: 480px) {      #bwg_container1_0 #bwg_container2_0 .bwg-container-0.bwg-standard-thumbnails .bwg-item0 {        transition: all 0.3s ease 0s;-webkit-transition: all 0.3s ease 0s;      }      #bwg_container1_0 #bwg_container2_0 .bwg-container-0.bwg-standard-thumbnails .bwg-item0:hover {        -ms-transform: scale(1.1);        -webkit-transform: scale(1.1);        transform: scale(1.1);      }    }          #bwg_container1_0 #bwg_container2_0 .bwg-container-0.bwg-standard-thumbnails .bwg-item1 {      padding-top: 50%;    }        #bwg_container1_0 #bwg_container2_0 .bwg-container-0.bwg-standard-thumbnails .bwg-title2,    #bwg_container1_0 #bwg_container2_0 .bwg-container-0.bwg-standard-thumbnails .bwg-ecommerce2 {      color: #CCCCCC;      font-family: segoe ui;      font-size: 16px;      font-weight: bold;      padding: 2px;      text-shadow: 0px 0px 0px #888888;      max-height: 100%;    }    #bwg_container1_0 #bwg_container2_0 .bwg-container-0.bwg-standard-thumbnails .bwg-thumb-description span {    color: #323A45;    font-family: Ubuntu;    font-size: 12px;    max-height: 100%;    word-wrap: break-word;    }    #bwg_container1_0 #bwg_container2_0 .bwg-container-0.bwg-standard-thumbnails .bwg-play-icon2 {      font-size: 32px;    }    #bwg_container1_0 #bwg_container2_0 .bwg-container-0.bwg-standard-thumbnails .bwg-ecommerce2 {      font-size: 19.2px;      color: #CCCCCC;    }    <\/style>    <div id=\"bwg_container1_0\"         class=\"bwg_container bwg_thumbnail bwg_thumbnails \"         data-right-click-protection=\"0\"         data-bwg=\"0\"         data-scroll=\"0\"         data-gallery-type=\"thumbnails\"         data-gallery-view-type=\"thumbnails\"         data-current-url=\"https:\/\/raizesdavida.org.br\/home\/wp-json\/wp\/v2\/pages\/249\"         data-lightbox-url=\"https:\/\/raizesdavida.org.br\/home\/wp-admin\/admin-ajax.php?action=GalleryBox&#038;current_view=0&#038;gallery_id=5&#038;tag=0&#038;theme_id=1&#038;shortcode_id=4&#038;sort_by=order&#038;order_by=asc&#038;current_url=https%3A%2F%2Fraizesdavida.org.br%2Fhome%2Fwp-json%2Fwp%2Fv2%2Fpages%2F249\"         data-gallery-id=\"5\"         data-popup-width=\"800\"         data-popup-height=\"500\"         data-is-album=\"gallery\"         data-buttons-position=\"bottom\">      <div id=\"bwg_container2_0\">             <div id=\"ajax_loading_0\" class=\"bwg_loading_div_1\">      <div class=\"bwg_loading_div_2\">        <div class=\"bwg_loading_div_3\">          <div id=\"loading_div_0\" class=\"bwg_spider_ajax_loading\">          <\/div>        <\/div>      <\/div>    <\/div>            <form id=\"gal_front_form_0\"              class=\"bwg-hidden\"              method=\"post\"              action=\"#\"              data-current=\"0\"              data-shortcode-id=\"4\"              data-gallery-type=\"thumbnails\"              data-gallery-id=\"5\"              data-tag=\"0\"              data-album-id=\"0\"              data-theme-id=\"1\"              data-ajax-url=\"https:\/\/raizesdavida.org.br\/home\/wp-admin\/admin-ajax.php?action=bwg_frontend_data\">          <div id=\"bwg_container3_0\" class=\"bwg-background bwg-background-0\">            <div style=\"width:100%\"><div class=\"wd_error\"><p><strong>No Images found.<\/strong><\/p><\/div><\/div>          <\/div>        <\/form>        <style>          #bwg_container1_0 #bwg_container2_0 #spider_popup_overlay_0 {          background-color: #000000;          opacity: 0.70;          }          <\/style>        <div id=\"bwg_spider_popup_loading_0\" class=\"bwg_spider_popup_loading\"><\/div>        <div id=\"spider_popup_overlay_0\" class=\"spider_popup_overlay\" onclick=\"spider_destroypopup(1000)\"><\/div>        <input type=\"hidden\" id=\"bwg_random_seed_0\" value=\"1398342939\">                <\/div>    <\/div>    <script>      if (document.readyState === 'complete') {        if( typeof bwg_main_ready == 'function' ) {          if ( jQuery(\"#bwg_container1_0\").height() ) {            bwg_main_ready(jQuery(\"#bwg_container1_0\"));          }        }      } else {        document.addEventListener('DOMContentLoaded', function() {          if( typeof bwg_main_ready == 'function' ) {            if ( jQuery(\"#bwg_container1_0\").height() ) {             bwg_main_ready(jQuery(\"#bwg_container1_0\"));            }          }        });      }    <\/script>    \n","protected":false},"excerpt":{"rendered":"<p>Atualmente, a Associa\u00e7\u00e3o Ra\u00edzes da Vida possui alguns espa\u00e7os na qual reservamos para realizarmos Atividades com nossos idosos. S\u00e3o eles:<\/p>\n","protected":false},"author":1,"featured_media":0,"parent":0,"menu_order":0,"comment_status":"closed","ping_status":"closed","template":"","meta":[],"yoast_head":"<!-- This site is optimized with the Yoast SEO plugin v19.6.1 - https:\/\/yoast.com\/wordpress\/plugins\/seo\/ -->\n<title>Nossas Instala\u00e7\u00f5es - Associa\u00e7\u00e3o Ra\u00edzes da Vida<\/title>\n<meta name=\"robots\" content=\"index, follow, max-snippet:-1, max-image-preview:large, max-video-preview:-1\" \/>\n<link rel=\"canonical\" href=\"https:\/\/raizesdavida.org.br\/home\/nossas-instalacoes\/\" \/>\n<meta property=\"og:locale\" content=\"pt_BR\" \/>\n<meta property=\"og:type\" content=\"article\" \/>\n<meta property=\"og:title\" content=\"Nossas Instala\u00e7\u00f5es - Associa\u00e7\u00e3o Ra\u00edzes da Vida\" \/>\n<meta property=\"og:description\" content=\"Atualmente, a Associa\u00e7\u00e3o Ra\u00edzes da Vida possui alguns espa\u00e7os na qual reservamos para realizarmos Atividades com nossos idosos. S\u00e3o eles:\" \/>\n<meta property=\"og:url\" content=\"https:\/\/raizesdavida.org.br\/home\/nossas-instalacoes\/\" \/>\n<meta property=\"og:site_name\" content=\"Associa\u00e7\u00e3o Ra\u00edzes da Vida\" \/>\n<meta property=\"article:modified_time\" content=\"2017-10-01T04:02:16+00:00\" \/>\n<meta property=\"og:image\" content=\"https:\/\/scontent.ffor4-1.fna.fbcdn.net\/v\/t35.0-12\/s2048x2048\/22140625_1421739104588879_26075172_o.jpg?oh=0abba514161810525466fbd49e277ac8&amp;oe=59D18F2F\" \/>\n<meta name=\"twitter:card\" content=\"summary_large_image\" \/>\n<script type=\"application\/ld+json\" class=\"yoast-schema-graph\">{\"@context\":\"https:\/\/schema.org\",\"@graph\":[{\"@type\":\"WebPage\",\"@id\":\"https:\/\/raizesdavida.org.br\/home\/nossas-instalacoes\/\",\"url\":\"https:\/\/raizesdavida.org.br\/home\/nossas-instalacoes\/\",\"name\":\"Nossas Instala\u00e7\u00f5es - Associa\u00e7\u00e3o Ra\u00edzes da Vida\",\"isPartOf\":{\"@id\":\"https:\/\/raizesdavida.org.br\/home\/#website\"},\"datePublished\":\"2017-09-19T00:45:29+00:00\",\"dateModified\":\"2017-10-01T04:02:16+00:00\",\"breadcrumb\":{\"@id\":\"https:\/\/raizesdavida.org.br\/home\/nossas-instalacoes\/#breadcrumb\"},\"inLanguage\":\"pt-BR\",\"potentialAction\":[{\"@type\":\"ReadAction\",\"target\":[\"https:\/\/raizesdavida.org.br\/home\/nossas-instalacoes\/\"]}]},{\"@type\":\"BreadcrumbList\",\"@id\":\"https:\/\/raizesdavida.org.br\/home\/nossas-instalacoes\/#breadcrumb\",\"itemListElement\":[{\"@type\":\"ListItem\",\"position\":1,\"name\":\"In\u00edcio\",\"item\":\"https:\/\/raizesdavida.org.br\/home\/\"},{\"@type\":\"ListItem\",\"position\":2,\"name\":\"Nossas Instala\u00e7\u00f5es\"}]},{\"@type\":\"WebSite\",\"@id\":\"https:\/\/raizesdavida.org.br\/home\/#website\",\"url\":\"https:\/\/raizesdavida.org.br\/home\/\",\"name\":\"Associa\u00e7\u00e3o Ra\u00edzes da Vida\",\"description\":\"Longevidade Saud\u00e1vel\",\"publisher\":{\"@id\":\"https:\/\/raizesdavida.org.br\/home\/#organization\"},\"potentialAction\":[{\"@type\":\"SearchAction\",\"target\":{\"@type\":\"EntryPoint\",\"urlTemplate\":\"https:\/\/raizesdavida.org.br\/home\/?s={search_term_string}\"},\"query-input\":\"required name=search_term_string\"}],\"inLanguage\":\"pt-BR\"},{\"@type\":\"Organization\",\"@id\":\"https:\/\/raizesdavida.org.br\/home\/#organization\",\"name\":\"Associa\u00e7\u00e3o Ra\u00edzes da Vida\",\"url\":\"https:\/\/raizesdavida.org.br\/home\/\",\"sameAs\":[],\"logo\":{\"@type\":\"ImageObject\",\"inLanguage\":\"pt-BR\",\"@id\":\"https:\/\/raizesdavida.org.br\/home\/#\/schema\/logo\/image\/\",\"url\":\"https:\/\/raizesdavida.org.br\/home\/wp-content\/uploads\/2022\/09\/LOGOOF200.jpg\",\"contentUrl\":\"https:\/\/raizesdavida.org.br\/home\/wp-content\/uploads\/2022\/09\/LOGOOF200.jpg\",\"width\":200,\"height\":200,\"caption\":\"Associa\u00e7\u00e3o Ra\u00edzes da Vida\"},\"image\":{\"@id\":\"https:\/\/raizesdavida.org.br\/home\/#\/schema\/logo\/image\/\"}}]}<\/script>\n<!-- \/ Yoast SEO plugin. -->","yoast_head_json":{"title":"Nossas Instala\u00e7\u00f5es - Associa\u00e7\u00e3o Ra\u00edzes da Vida","robots":{"index":"index","follow":"follow","max-snippet":"max-snippet:-1","max-image-preview":"max-image-preview:large","max-video-preview":"max-video-preview:-1"},"canonical":"https:\/\/raizesdavida.org.br\/home\/nossas-instalacoes\/","og_locale":"pt_BR","og_type":"article","og_title":"Nossas Instala\u00e7\u00f5es - Associa\u00e7\u00e3o Ra\u00edzes da Vida","og_description":"Atualmente, a Associa\u00e7\u00e3o Ra\u00edzes da Vida possui alguns espa\u00e7os na qual reservamos para realizarmos Atividades com nossos idosos. S\u00e3o eles:","og_url":"https:\/\/raizesdavida.org.br\/home\/nossas-instalacoes\/","og_site_name":"Associa\u00e7\u00e3o Ra\u00edzes da Vida","article_modified_time":"2017-10-01T04:02:16+00:00","og_image":[{"url":"https:\/\/scontent.ffor4-1.fna.fbcdn.net\/v\/t35.0-12\/s2048x2048\/22140625_1421739104588879_26075172_o.jpg?oh=0abba514161810525466fbd49e277ac8&amp;oe=59D18F2F"}],"twitter_card":"summary_large_image","schema":{"@context":"https:\/\/schema.org","@graph":[{"@type":"WebPage","@id":"https:\/\/raizesdavida.org.br\/home\/nossas-instalacoes\/","url":"https:\/\/raizesdavida.org.br\/home\/nossas-instalacoes\/","name":"Nossas Instala\u00e7\u00f5es - Associa\u00e7\u00e3o Ra\u00edzes da Vida","isPartOf":{"@id":"https:\/\/raizesdavida.org.br\/home\/#website"},"datePublished":"2017-09-19T00:45:29+00:00","dateModified":"2017-10-01T04:02:16+00:00","breadcrumb":{"@id":"https:\/\/raizesdavida.org.br\/home\/nossas-instalacoes\/#breadcrumb"},"inLanguage":"pt-BR","potentialAction":[{"@type":"ReadAction","target":["https:\/\/raizesdavida.org.br\/home\/nossas-instalacoes\/"]}]},{"@type":"BreadcrumbList","@id":"https:\/\/raizesdavida.org.br\/home\/nossas-instalacoes\/#breadcrumb","itemListElement":[{"@type":"ListItem","position":1,"name":"In\u00edcio","item":"https:\/\/raizesdavida.org.br\/home\/"},{"@type":"ListItem","position":2,"name":"Nossas Instala\u00e7\u00f5es"}]},{"@type":"WebSite","@id":"https:\/\/raizesdavida.org.br\/home\/#website","url":"https:\/\/raizesdavida.org.br\/home\/","name":"Associa\u00e7\u00e3o Ra\u00edzes da Vida","description":"Longevidade Saud\u00e1vel","publisher":{"@id":"https:\/\/raizesdavida.org.br\/home\/#organization"},"potentialAction":[{"@type":"SearchAction","target":{"@type":"EntryPoint","urlTemplate":"https:\/\/raizesdavida.org.br\/home\/?s={search_term_string}"},"query-input":"required name=search_term_string"}],"inLanguage":"pt-BR"},{"@type":"Organization","@id":"https:\/\/raizesdavida.org.br\/home\/#organization","name":"Associa\u00e7\u00e3o Ra\u00edzes da Vida","url":"https:\/\/raizesdavida.org.br\/home\/","sameAs":[],"logo":{"@type":"ImageObject","inLanguage":"pt-BR","@id":"https:\/\/raizesdavida.org.br\/home\/#\/schema\/logo\/image\/","url":"https:\/\/raizesdavida.org.br\/home\/wp-content\/uploads\/2022\/09\/LOGOOF200.jpg","contentUrl":"https:\/\/raizesdavida.org.br\/home\/wp-content\/uploads\/2022\/09\/LOGOOF200.jpg","width":200,"height":200,"caption":"Associa\u00e7\u00e3o Ra\u00edzes da Vida"},"image":{"@id":"https:\/\/raizesdavida.org.br\/home\/#\/schema\/logo\/image\/"}}]}},"_links":{"self":[{"href":"https:\/\/raizesdavida.org.br\/home\/wp-json\/wp\/v2\/pages\/249"}],"collection":[{"href":"https:\/\/raizesdavida.org.br\/home\/wp-json\/wp\/v2\/pages"}],"about":[{"href":"https:\/\/raizesdavida.org.br\/home\/wp-json\/wp\/v2\/types\/page"}],"author":[{"embeddable":true,"href":"https:\/\/raizesdavida.org.br\/home\/wp-json\/wp\/v2\/users\/1"}],"replies":[{"embeddable":true,"href":"https:\/\/raizesdavida.org.br\/home\/wp-json\/wp\/v2\/comments?post=249"}],"version-history":[{"count":8,"href":"https:\/\/raizesdavida.org.br\/home\/wp-json\/wp\/v2\/pages\/249\/revisions"}],"predecessor-version":[{"id":831,"href":"https:\/\/raizesdavida.org.br\/home\/wp-json\/wp\/v2\/pages\/249\/revisions\/831"}],"wp:attachment":[{"href":"https:\/\/raizesdavida.org.br\/home\/wp-json\/wp\/v2\/media?parent=249"}],"curies":[{"name":"wp","href":"https:\/\/api.w.org\/{rel}","templated":true}]}}