{"id":258,"date":"2017-09-18T21:46:15","date_gmt":"2017-09-19T00:46:15","guid":{"rendered":"http:\/\/localhost\/projetos\/projetos_em_andamento\/wordpress\/?page_id=258"},"modified":"2021-06-08T00:01:26","modified_gmt":"2021-06-08T03:01:26","slug":"transparencia","status":"publish","type":"page","link":"https:\/\/raizesdavida.org.br\/home\/transparencia\/","title":{"rendered":"Transpar\u00eancia"},"content":{"rendered":"<p>Como forma de sempre manter a <strong>transpar\u00eancia<\/strong>, a <strong>Associa\u00e7\u00e3o Ra\u00edzes da Vida<\/strong> exp\u00f5e abaixo todo <strong>Balan\u00e7o Patrimonial&nbsp;<\/strong>dos \u00faltimos anos e a <strong>ATA da Assembleia Geral Ordin\u00e1ria<\/strong>.<\/p>\n<p>Para baixar o <strong>PDF<\/strong> do <strong>Balan\u00e7o Patrimonial<\/strong> dos anos <strong>2018<\/strong>, <strong>2019<\/strong> e <strong>2021<\/strong>, <a href=\"http:\/\/raizesdavida.org.br\/home\/wp-content\/uploads\/2021\/06\/raizes-doc10186420210519141821.pdf\">clique aqui<\/a>.<\/p>\n<p>Para baixar o <strong>PDF<\/strong> da <strong>ATA da Assembleia Geral Ordin\u00e1ria<\/strong>, <a href=\"http:\/\/raizesdavida.org.br\/home\/wp-content\/uploads\/2021\/06\/PDF-Scanner-07-05-21-9.56.40.pdf\">clique aqui<\/a>.<\/p>\n\n\n<p>Atenciosamente,<\/p>\n\n\n\n<p>\u00c0 Associa\u00e7\u00e3o Ra\u00edzes da Vida.<\/p>\n","protected":false},"excerpt":{"rendered":"<p>Como forma de sempre manter a transpar\u00eancia, a Associa\u00e7\u00e3o Ra\u00edzes da Vida exp\u00f5e abaixo todo Balan\u00e7o Patrimonial&nbsp;dos \u00faltimos anos e<\/p>\n","protected":false},"author":1,"featured_media":0,"parent":0,"menu_order":5,"comment_status":"closed","ping_status":"closed","template":"","meta":[],"yoast_head":"<!-- This site is optimized with the Yoast SEO plugin v19.6.1 - https:\/\/yoast.com\/wordpress\/plugins\/seo\/ -->\n<title>Transpar\u00eancia - Associa\u00e7\u00e3o Ra\u00edzes da Vida<\/title>\n<meta name=\"robots\" content=\"index, follow, max-snippet:-1, max-image-preview:large, max-video-preview:-1\" \/>\n<link rel=\"canonical\" href=\"https:\/\/raizesdavida.org.br\/home\/transparencia\/\" \/>\n<meta property=\"og:locale\" content=\"pt_BR\" \/>\n<meta property=\"og:type\" content=\"article\" \/>\n<meta property=\"og:title\" content=\"Transpar\u00eancia - Associa\u00e7\u00e3o Ra\u00edzes da Vida\" \/>\n<meta property=\"og:description\" content=\"Como forma de sempre manter a transpar\u00eancia, a Associa\u00e7\u00e3o Ra\u00edzes da Vida exp\u00f5e abaixo todo Balan\u00e7o Patrimonial&nbsp;dos \u00faltimos anos e\" \/>\n<meta property=\"og:url\" content=\"https:\/\/raizesdavida.org.br\/home\/transparencia\/\" \/>\n<meta property=\"og:site_name\" content=\"Associa\u00e7\u00e3o Ra\u00edzes da Vida\" \/>\n<meta property=\"article:modified_time\" content=\"2021-06-08T03:01:26+00:00\" \/>\n<meta name=\"twitter:card\" content=\"summary_large_image\" \/>\n<script type=\"application\/ld+json\" class=\"yoast-schema-graph\">{\"@context\":\"https:\/\/schema.org\",\"@graph\":[{\"@type\":\"WebPage\",\"@id\":\"https:\/\/raizesdavida.org.br\/home\/transparencia\/\",\"url\":\"https:\/\/raizesdavida.org.br\/home\/transparencia\/\",\"name\":\"Transpar\u00eancia - Associa\u00e7\u00e3o Ra\u00edzes da Vida\",\"isPartOf\":{\"@id\":\"https:\/\/raizesdavida.org.br\/home\/#website\"},\"datePublished\":\"2017-09-19T00:46:15+00:00\",\"dateModified\":\"2021-06-08T03:01:26+00:00\",\"breadcrumb\":{\"@id\":\"https:\/\/raizesdavida.org.br\/home\/transparencia\/#breadcrumb\"},\"inLanguage\":\"pt-BR\",\"potentialAction\":[{\"@type\":\"ReadAction\",\"target\":[\"https:\/\/raizesdavida.org.br\/home\/transparencia\/\"]}]},{\"@type\":\"BreadcrumbList\",\"@id\":\"https:\/\/raizesdavida.org.br\/home\/transparencia\/#breadcrumb\",\"itemListElement\":[{\"@type\":\"ListItem\",\"position\":1,\"name\":\"In\u00edcio\",\"item\":\"https:\/\/raizesdavida.org.br\/home\/\"},{\"@type\":\"ListItem\",\"position\":2,\"name\":\"Transpar\u00eancia\"}]},{\"@type\":\"WebSite\",\"@id\":\"https:\/\/raizesdavida.org.br\/home\/#website\",\"url\":\"https:\/\/raizesdavida.org.br\/home\/\",\"name\":\"Associa\u00e7\u00e3o Ra\u00edzes da Vida\",\"description\":\"Longevidade Saud\u00e1vel\",\"publisher\":{\"@id\":\"https:\/\/raizesdavida.org.br\/home\/#organization\"},\"potentialAction\":[{\"@type\":\"SearchAction\",\"target\":{\"@type\":\"EntryPoint\",\"urlTemplate\":\"https:\/\/raizesdavida.org.br\/home\/?s={search_term_string}\"},\"query-input\":\"required name=search_term_string\"}],\"inLanguage\":\"pt-BR\"},{\"@type\":\"Organization\",\"@id\":\"https:\/\/raizesdavida.org.br\/home\/#organization\",\"name\":\"Associa\u00e7\u00e3o Ra\u00edzes da Vida\",\"url\":\"https:\/\/raizesdavida.org.br\/home\/\",\"sameAs\":[],\"logo\":{\"@type\":\"ImageObject\",\"inLanguage\":\"pt-BR\",\"@id\":\"https:\/\/raizesdavida.org.br\/home\/#\/schema\/logo\/image\/\",\"url\":\"https:\/\/raizesdavida.org.br\/home\/wp-content\/uploads\/2022\/09\/LOGOOF200.jpg\",\"contentUrl\":\"https:\/\/raizesdavida.org.br\/home\/wp-content\/uploads\/2022\/09\/LOGOOF200.jpg\",\"width\":200,\"height\":200,\"caption\":\"Associa\u00e7\u00e3o Ra\u00edzes da Vida\"},\"image\":{\"@id\":\"https:\/\/raizesdavida.org.br\/home\/#\/schema\/logo\/image\/\"}}]}<\/script>\n<!-- \/ Yoast SEO plugin. -->","yoast_head_json":{"title":"Transpar\u00eancia - Associa\u00e7\u00e3o Ra\u00edzes da Vida","robots":{"index":"index","follow":"follow","max-snippet":"max-snippet:-1","max-image-preview":"max-image-preview:large","max-video-preview":"max-video-preview:-1"},"canonical":"https:\/\/raizesdavida.org.br\/home\/transparencia\/","og_locale":"pt_BR","og_type":"article","og_title":"Transpar\u00eancia - Associa\u00e7\u00e3o Ra\u00edzes da Vida","og_description":"Como forma de sempre manter a transpar\u00eancia, a Associa\u00e7\u00e3o Ra\u00edzes da Vida exp\u00f5e abaixo todo Balan\u00e7o Patrimonial&nbsp;dos \u00faltimos anos e","og_url":"https:\/\/raizesdavida.org.br\/home\/transparencia\/","og_site_name":"Associa\u00e7\u00e3o Ra\u00edzes da Vida","article_modified_time":"2021-06-08T03:01:26+00:00","twitter_card":"summary_large_image","schema":{"@context":"https:\/\/schema.org","@graph":[{"@type":"WebPage","@id":"https:\/\/raizesdavida.org.br\/home\/transparencia\/","url":"https:\/\/raizesdavida.org.br\/home\/transparencia\/","name":"Transpar\u00eancia - Associa\u00e7\u00e3o Ra\u00edzes da Vida","isPartOf":{"@id":"https:\/\/raizesdavida.org.br\/home\/#website"},"datePublished":"2017-09-19T00:46:15+00:00","dateModified":"2021-06-08T03:01:26+00:00","breadcrumb":{"@id":"https:\/\/raizesdavida.org.br\/home\/transparencia\/#breadcrumb"},"inLanguage":"pt-BR","potentialAction":[{"@type":"ReadAction","target":["https:\/\/raizesdavida.org.br\/home\/transparencia\/"]}]},{"@type":"BreadcrumbList","@id":"https:\/\/raizesdavida.org.br\/home\/transparencia\/#breadcrumb","itemListElement":[{"@type":"ListItem","position":1,"name":"In\u00edcio","item":"https:\/\/raizesdavida.org.br\/home\/"},{"@type":"ListItem","position":2,"name":"Transpar\u00eancia"}]},{"@type":"WebSite","@id":"https:\/\/raizesdavida.org.br\/home\/#website","url":"https:\/\/raizesdavida.org.br\/home\/","name":"Associa\u00e7\u00e3o Ra\u00edzes da Vida","description":"Longevidade Saud\u00e1vel","publisher":{"@id":"https:\/\/raizesdavida.org.br\/home\/#organization"},"potentialAction":[{"@type":"SearchAction","target":{"@type":"EntryPoint","urlTemplate":"https:\/\/raizesdavida.org.br\/home\/?s={search_term_string}"},"query-input":"required name=search_term_string"}],"inLanguage":"pt-BR"},{"@type":"Organization","@id":"https:\/\/raizesdavida.org.br\/home\/#organization","name":"Associa\u00e7\u00e3o Ra\u00edzes da Vida","url":"https:\/\/raizesdavida.org.br\/home\/","sameAs":[],"logo":{"@type":"ImageObject","inLanguage":"pt-BR","@id":"https:\/\/raizesdavida.org.br\/home\/#\/schema\/logo\/image\/","url":"https:\/\/raizesdavida.org.br\/home\/wp-content\/uploads\/2022\/09\/LOGOOF200.jpg","contentUrl":"https:\/\/raizesdavida.org.br\/home\/wp-content\/uploads\/2022\/09\/LOGOOF200.jpg","width":200,"height":200,"caption":"Associa\u00e7\u00e3o Ra\u00edzes da Vida"},"image":{"@id":"https:\/\/raizesdavida.org.br\/home\/#\/schema\/logo\/image\/"}}]}},"_links":{"self":[{"href":"https:\/\/raizesdavida.org.br\/home\/wp-json\/wp\/v2\/pages\/258"}],"collection":[{"href":"https:\/\/raizesdavida.org.br\/home\/wp-json\/wp\/v2\/pages"}],"about":[{"href":"https:\/\/raizesdavida.org.br\/home\/wp-json\/wp\/v2\/types\/page"}],"author":[{"embeddable":true,"href":"https:\/\/raizesdavida.org.br\/home\/wp-json\/wp\/v2\/users\/1"}],"replies":[{"embeddable":true,"href":"https:\/\/raizesdavida.org.br\/home\/wp-json\/wp\/v2\/comments?post=258"}],"version-history":[{"count":17,"href":"https:\/\/raizesdavida.org.br\/home\/wp-json\/wp\/v2\/pages\/258\/revisions"}],"predecessor-version":[{"id":2798,"href":"https:\/\/raizesdavida.org.br\/home\/wp-json\/wp\/v2\/pages\/258\/revisions\/2798"}],"wp:attachment":[{"href":"https:\/\/raizesdavida.org.br\/home\/wp-json\/wp\/v2\/media?parent=258"}],"curies":[{"name":"wp","href":"https:\/\/api.w.org\/{rel}","templated":true}]}}